{"id":1137,"date":"2022-05-08T21:22:35","date_gmt":"2022-05-08T20:22:35","guid":{"rendered":"http:\/\/anaisbayet.com\/?page_id=1137"},"modified":"2025-11-04T14:53:20","modified_gmt":"2025-11-04T13:53:20","slug":"cours-de-hatha-yoga","status":"publish","type":"page","link":"https:\/\/anaisbayet.com\/index.php\/cours-de-hatha-yoga\/","title":{"rendered":"2025-2026 &#8211; Cours de Hatha Yoga &#8211; Soft et Pr\u00e9natal &#8211; Yoga sur Chaise &#8211; Relaxation."},"content":{"rendered":"\n<h2 class=\"wp-block-heading\">Cours pour adultes \u00e0 Saint-Hubert, Arville, Tellin et Libramont.<\/h2>\n\n\n\n<figure class=\"wp-block-image size-medium\"><img loading=\"lazy\" decoding=\"async\" width=\"744\" height=\"526\" src=\"https:\/\/anaisbayet.com\/wp-content\/uploads\/2025\/11\/Cours-de-Yoga-A4-paysage-744x526.png\" alt=\"\" class=\"wp-image-1375\" srcset=\"https:\/\/anaisbayet.com\/wp-content\/uploads\/2025\/11\/Cours-de-Yoga-A4-paysage-744x526.png 744w, https:\/\/anaisbayet.com\/wp-content\/uploads\/2025\/11\/Cours-de-Yoga-A4-paysage-1200x848.png 1200w, https:\/\/anaisbayet.com\/wp-content\/uploads\/2025\/11\/Cours-de-Yoga-A4-paysage-420x297.png 420w, https:\/\/anaisbayet.com\/wp-content\/uploads\/2025\/11\/Cours-de-Yoga-A4-paysage-768x543.png 768w, https:\/\/anaisbayet.com\/wp-content\/uploads\/2025\/11\/Cours-de-Yoga-A4-paysage-1536x1086.png 1536w, https:\/\/anaisbayet.com\/wp-content\/uploads\/2025\/11\/Cours-de-Yoga-A4-paysage.png 2000w\" sizes=\"auto, (max-width: 706px) 89vw, (max-width: 767px) 82vw, 740px\" \/><\/figure>\n\n\n\n<h3 class=\"wp-block-heading\">ENTR\u00c9E POSSIBLE TOUTE L&rsquo;ANN\u00c9E &#8211; VENEZ COMME VOUS \u00caTES<\/h3>\n\n\n\n<p><strong>TELLIN &#8211; Hatha Yoga<\/strong><\/p>\n\n\n\n<p>Centre sportif &#8211; Mont du Carillon 24<\/p>\n\n\n\n<p>Lundi 17h30 \u00e0 18h40<\/p>\n\n\n\n<p>Cours d&rsquo;essai GRATUIT &#8211; lundi 25 ao\u00fbt<\/p>\n\n\n\n<p><strong>SAINT-HUBERT &#8211; Hatha Yoga<\/strong><\/p>\n\n\n\n<p>Salle Communale &#8211; Rue G\u00e9n\u00e9ral Dechesne<\/p>\n\n\n\n<p>Lundi 19h30 \u00e0 20h40<\/p>\n\n\n\n<p>Cours d&rsquo;essai GRATUIT &#8211; lundi 25 ao\u00fbt<\/p>\n\n\n\n<p><strong>SAINT-HUBERT &#8211; Soft Yoga<\/strong><\/p>\n\n\n\n<p>Mercredi de 9h30 \u00e0 10h40<\/p>\n\n\n\n<p>Cours d&rsquo;essai GRATUIT &#8211; Mercredi 27 ao\u00fbt*<\/p>\n\n\n\n<p><strong>ARVILLE &#8211; Hatha Yoga<\/strong><\/p>\n\n\n\n<p>Ecole Communale &#8211; Rue de Wacomont, 28<\/p>\n\n\n\n<p>Jeudi de 17h15 \u00e0 18h25<\/p>\n\n\n\n<p>Cours d&rsquo;essai GRATUIT &#8211; Jeudi 28 ao\u00fbt<\/p>\n\n\n\n<p><strong>LIBRAMONT &#8211; Hatha Yoga<\/strong><\/p>\n\n\n\n<p>Halle aux foires &#8211; Place communale, 7<\/p>\n\n\n\n<p>Vendredi de 9h30 \u00e0 10h40<\/p>\n\n\n\n<p>Cours d&rsquo;essai GRATUIT &#8211; Vendredi 29 ao\u00fbt<\/p>\n\n\n\n<p>* Inscriptions n\u00e9cessaires &#8211; Nombre limit\u00e9 de places<\/p>\n\n\n\n<hr class=\"wp-block-separator has-css-opacity\"\/>\n\n\n\n<h2 class=\"wp-block-heading\"><strong>&nbsp;D\u00e9roulement d\u2019une s\u00e9ance<\/strong><\/h2>\n\n\n\n<h3 class=\"wp-block-heading\">\u2013 technique de Do-in : automassage par pression des doigts et des mains<\/h3>\n\n\n\n<h3 class=\"wp-block-heading\">\u2013 postures (asanas) adapt\u00e9es \u00e0 tous les niveaux que vous pourrez ais\u00e9ment reproduire au quotidien<\/h3>\n\n\n\n<h3 class=\"wp-block-heading\">\u2013 techniques et contr\u00f4le de la respiration (pr\u0101\u1e47\u0101y\u0101ma)<\/h3>\n\n\n\n<h3 class=\"wp-block-heading\">\u2013 du chant de mantra, chant m\u00e9ditatif<\/h3>\n\n\n\n<h3 class=\"wp-block-heading\">\u2013 une s\u00e9ance de relaxation\/m\u00e9ditation guid\u00e9e par la voix<\/h3>\n\n\n\n<h2 class=\"wp-block-heading\"><strong>&nbsp;Tarifs des abonnements<\/strong><\/h2>\n\n\n\n<h3 class=\"wp-block-heading\">Abonnement annuel &#8211; de septembre \u00e0 juin &#8211; 250\u20ac (+\/-33 s\u00e9ances)<br>Abonnement trimestriel &#8211; 90\u20ac (+\/- 11 s\u00e9ances)<br>\u00c0 la s\u00e9ance &#8211; 10\u20ac<\/h3>\n\n\n\n<h5 class=\"wp-block-heading\">POSSIBILIT\u00c9 D\u2019ENTRER TOUTE L\u2019ANN\u00c9E<\/h5>\n\n\n\n<p>Il n\u2019y a pas de cours pendant les cong\u00e9s scolaires et jours f\u00e9ri\u00e9s.<\/p>\n\n\n\n<p>Toutes les abonnements se terminent fin juin<br>Toutes les abonnements sont nominatifs et ne peuvent \u00eatre c\u00e9d\u00e9s ou rembours\u00e9s.<\/p>\n\n\n\n<hr class=\"wp-block-separator has-css-opacity\"\/>\n\n\n\n<h2 class=\"wp-block-heading\">Cours individuel ou cours collectif ponctuel<\/h2>\n\n\n\n<p>Possibilit\u00e9 de cours en petits groupes \u00e0 mon domicile ou autre, sur inscription uniquement. Vous pouvez constituer votre groupe pour des ateliers uniques chez vous, dans votre entreprise, dans votre \u00e9tablissement, pendant des s\u00e9minaires &#8230;<\/p>\n\n\n\n<p>N\u2019h\u00e9sitez pas \u00e0&nbsp;<a href=\"http:\/\/anaisbayet.com\/index.php\/contact\/\" target=\"_blank\" rel=\"noreferrer noopener\">me contacter<\/a>&nbsp;afin que nous trouvions ensemble la meilleure formule possible.<\/p>\n\n\n\n<p>S\u00e9ance individuelle sur rendez-vous.<\/p>\n\n\n\n<hr class=\"wp-block-separator has-css-opacity\"\/>\n\n\n\n<h2 class=\"wp-block-heading\">Atelier de Yoga Nature pour adultes et enfants<\/h2>\n\n\n\n<p>Durant l&rsquo;\u00e9t\u00e9, (de d\u00e9but juin \u00e0 fin ao\u00fbt) venez d\u00e9couvrir le Yoga lors d&rsquo;un atelier en plein air dans un cadre agr\u00e9able. Cours adapt\u00e9 \u00e0 toutes et tous. Les enfants accompagn\u00e9s d&rsquo;un adultes sont les bienvenus.<\/p>\n\n\n\n<p>Les samedis matins (si le climat le permet) sur le site de l&rsquo;Europacamp de Saint-Hubert (Province de Luxembourg).<\/p>\n\n\n\n<figure class=\"wp-block-image size-large is-resized\"><img loading=\"lazy\" decoding=\"async\" width=\"1200\" height=\"800\" src=\"http:\/\/anaisbayet.com\/wp-content\/uploads\/2023\/06\/pexels-elina-fairytale-3822169-1200x800.jpg\" alt=\"\" class=\"wp-image-1195\" style=\"width:900px;height:600px\" srcset=\"https:\/\/anaisbayet.com\/wp-content\/uploads\/2023\/06\/pexels-elina-fairytale-3822169-1200x800.jpg 1200w, https:\/\/anaisbayet.com\/wp-content\/uploads\/2023\/06\/pexels-elina-fairytale-3822169-744x496.jpg 744w, https:\/\/anaisbayet.com\/wp-content\/uploads\/2023\/06\/pexels-elina-fairytale-3822169-420x280.jpg 420w, https:\/\/anaisbayet.com\/wp-content\/uploads\/2023\/06\/pexels-elina-fairytale-3822169-768x512.jpg 768w, https:\/\/anaisbayet.com\/wp-content\/uploads\/2023\/06\/pexels-elina-fairytale-3822169-1536x1024.jpg 1536w, https:\/\/anaisbayet.com\/wp-content\/uploads\/2023\/06\/pexels-elina-fairytale-3822169-2048x1365.jpg 2048w\" sizes=\"auto, (max-width: 706px) 89vw, (max-width: 767px) 82vw, 740px\" \/><\/figure>\n","protected":false},"excerpt":{"rendered":"<p>Cours pour adultes \u00e0 Saint-Hubert, Arville, Tellin et Libramont. ENTR\u00c9E POSSIBLE TOUTE L&rsquo;ANN\u00c9E &#8211; VENEZ COMME VOUS \u00caTES TELLIN &#8211; Hatha Yoga Centre sportif &#8211; Mont du Carillon 24 Lundi 17h30 \u00e0 18h40 Cours d&rsquo;essai GRATUIT &#8211; lundi 25 ao\u00fbt SAINT-HUBERT &#8211; Hatha Yoga Salle Communale &#8211; Rue G\u00e9n\u00e9ral Dechesne Lundi 19h30 \u00e0 20h40 Cours &hellip; <\/p>\n<p class=\"link-more\"><a href=\"https:\/\/anaisbayet.com\/index.php\/cours-de-hatha-yoga\/\" class=\"more-link\">Continuer la lecture<span class=\"screen-reader-text\"> de &laquo;&nbsp;2025-2026 &#8211; Cours de Hatha Yoga &#8211; Soft et Pr\u00e9natal &#8211; Yoga sur Chaise &#8211; Relaxation.&nbsp;&raquo;<\/span><\/a><\/p>\n","protected":false},"author":1,"featured_media":0,"parent":0,"menu_order":0,"comment_status":"closed","ping_status":"closed","template":"","meta":{"om_disable_all_campaigns":false,"_monsterinsights_skip_tracking":false,"_monsterinsights_sitenote_active":false,"_monsterinsights_sitenote_note":"","_monsterinsights_sitenote_category":0,"_uf_show_specific_survey":0,"_uf_disable_surveys":false,"footnotes":""},"class_list":["post-1137","page","type-page","status-publish","hentry"],"aioseo_notices":[],"_links":{"self":[{"href":"https:\/\/anaisbayet.com\/index.php\/wp-json\/wp\/v2\/pages\/1137","targetHints":{"allow":["GET"]}}],"collection":[{"href":"https:\/\/anaisbayet.com\/index.php\/wp-json\/wp\/v2\/pages"}],"about":[{"href":"https:\/\/anaisbayet.com\/index.php\/wp-json\/wp\/v2\/types\/page"}],"author":[{"embeddable":true,"href":"https:\/\/anaisbayet.com\/index.php\/wp-json\/wp\/v2\/users\/1"}],"replies":[{"embeddable":true,"href":"https:\/\/anaisbayet.com\/index.php\/wp-json\/wp\/v2\/comments?post=1137"}],"version-history":[{"count":11,"href":"https:\/\/anaisbayet.com\/index.php\/wp-json\/wp\/v2\/pages\/1137\/revisions"}],"predecessor-version":[{"id":1376,"href":"https:\/\/anaisbayet.com\/index.php\/wp-json\/wp\/v2\/pages\/1137\/revisions\/1376"}],"wp:attachment":[{"href":"https:\/\/anaisbayet.com\/index.php\/wp-json\/wp\/v2\/media?parent=1137"}],"curies":[{"name":"wp","href":"https:\/\/api.w.org\/{rel}","templated":true}]}}